{"id":18839,"date":"2022-09-30T16:29:57","date_gmt":"2022-09-30T15:29:57","guid":{"rendered":"https:\/\/www.antares.management\/?post_type=product&#038;p=18839"},"modified":"2024-08-13T10:42:50","modified_gmt":"2024-08-13T09:42:50","slug":"pristup-do-systemu-antares-placeno-rocne","status":"publish","type":"product","link":"https:\/\/www.antares.management\/en\/produkt\/pristup-do-systemu-antares-placeno-rocne\/","title":{"rendered":"P\u0159\u00edstup do syst\u00e9mu Antares (placeno ro\u010dn\u011b)"},"content":{"rendered":"","protected":false},"excerpt":{"rendered":"","protected":false},"featured_media":19884,"comment_status":"closed","ping_status":"closed","template":"","meta":{"_monsterinsights_skip_tracking":false,"_monsterinsights_sitenote_active":false,"_monsterinsights_sitenote_note":"","_monsterinsights_sitenote_category":0},"product_brand":[],"product_cat":[83],"product_tag":[],"class_list":{"0":"post-18839","1":"product","2":"type-product","3":"status-publish","4":"has-post-thumbnail","6":"product_cat-licence","8":"first","9":"outofstock","10":"virtual","11":"taxable","12":"purchasable","13":"product-type-simple"},"_links":{"self":[{"href":"https:\/\/www.antares.management\/en\/wp-json\/wp\/v2\/product\/18839","targetHints":{"allow":["GET"]}}],"collection":[{"href":"https:\/\/www.antares.management\/en\/wp-json\/wp\/v2\/product"}],"about":[{"href":"https:\/\/www.antares.management\/en\/wp-json\/wp\/v2\/types\/product"}],"replies":[{"embeddable":true,"href":"https:\/\/www.antares.management\/en\/wp-json\/wp\/v2\/comments?post=18839"}],"wp:featuredmedia":[{"embeddable":true,"href":"https:\/\/www.antares.management\/en\/wp-json\/wp\/v2\/media\/19884"}],"wp:attachment":[{"href":"https:\/\/www.antares.management\/en\/wp-json\/wp\/v2\/media?parent=18839"}],"wp:term":[{"taxonomy":"product_brand","embeddable":true,"href":"https:\/\/www.antares.management\/en\/wp-json\/wp\/v2\/product_brand?post=18839"},{"taxonomy":"product_cat","embeddable":true,"href":"https:\/\/www.antares.management\/en\/wp-json\/wp\/v2\/product_cat?post=18839"},{"taxonomy":"product_tag","embeddable":true,"href":"https:\/\/www.antares.management\/en\/wp-json\/wp\/v2\/product_tag?post=18839"}],"curies":[{"name":"wp","href":"https:\/\/api.w.org\/{rel}","templated":true}]}}